{"id":228,"date":"2017-04-13T16:48:08","date_gmt":"2017-04-13T16:48:08","guid":{"rendered":"http:\/\/victorthemes.com\/themes\/elsey\/?page_id=228"},"modified":"2017-04-13T16:48:08","modified_gmt":"2017-04-13T16:48:08","slug":"masonry-grid","status":"publish","type":"page","link":"https:\/\/loja.soufasofa.com.br\/?page_id=228","title":{"rendered":"Masonry Grid"},"content":{"rendered":"<div class=\"wpb-content-wrapper\"><p>[vc_row overlay_dotted=&#8221;&#8221;][vc_column]\r\n    <div class=\"woocommerce els-prsc-products els-products-69e382dd3482f \">\r\n      <div class=\"els-shop-wrapper  els-no-ajax\">\r\n\r\n        \r\n        \r\n        <div class=\"els-shop-load-anim\">\r\n          <div class=\"line-scale-pulse-out\">\r\n            <div><\/div>\r\n            <div><\/div>\r\n            <div><\/div>\r\n            <div><\/div>\r\n            <div><\/div>\r\n          <\/div>\r\n        <\/div>\r\n\r\n        <div class=\"els-products-full-wrap els-shop-masonry els-shop-mscol-one\" data-shopurl=\"https:\/\/loja.soufasofa.com.br\/?page_id=9\">\r\n          <ul class=\"products\" >\r\n\r\n          <li class=\"els-pr-masonry-sizer\"><\/li>\r\n                <li class=\"pd-wh els-pr-masonry-item post-3474 product type-product status-publish product_cat-bags product_cat-mens product_tag-black first instock shipping-taxable purchasable product-type-simple\">\r\n\r\n                  <div class=\"els-product-image\" >\r\n                    <a href=\"https:\/\/loja.soufasofa.com.br\/?product=trendy-mens-t-shirt\" class=\"woocommerce-LoopProduct-link\"><\/a>\r\n                    <div class=\"els-product-info\">\r\n  \t                  <div class=\"els-product-title\">\r\n  \t                    <h3><a href=\"https:\/\/loja.soufasofa.com.br\/?product=trendy-mens-t-shirt\">Trendy Men\u2019s T-Shirt<\/a><\/h3>\r\n  \t                  <\/div>\r\n  \t                  <div class=\"els-product-price price\"><div class=\"els-pr-price\"><span class=\"woocs_price_code\" data-currency=\"\" data-redraw-id=\"69e382dd35b5e\"  data-product-id=\"3474\"><span class=\"woocommerce-Price-amount amount\"><bdi>120.00<span class=\"woocommerce-Price-currencySymbol\">&#36;<\/span><\/bdi><\/span><\/span><\/div><\/div>\r\n  \t                  <div class=\"els-product-atc\">\r\n  \t                    <a href=\"\/index.php?rest_route=%2Fwp%2Fv2%2Fpages%2F228&#038;add-to-cart=3474\" aria-describedby=\"woocommerce_loop_add_to_cart_link_describedby_3474\" data-quantity=\"1\" class=\"button product_type_simple add_to_cart_button ajax_add_to_cart\" data-product_id=\"3474\" data-product_sku=\"603138\" aria-label=\"Adicione ao carrinho: &ldquo;Trendy Men\u2019s T-Shirt&rdquo;\" rel=\"nofollow\" data-success_message=\"\u201cTrendy Men\u2019s T-Shirt\u201d foi adicionado ao seu carrinho\" role=\"button\">Adicionar ao carrinho<\/a>\t<span id=\"woocommerce_loop_add_to_cart_link_describedby_3474\" class=\"screen-reader-text\">\n\t\t\t<\/span>\n  \t                  <\/div>\r\n                  \t<\/div>\r\n\r\n                    <div class=\"els-product-featured-image \"><img decoding=\"async\" src=\"https:\/\/loja.soufasofa.com.br\/wp-content\/themes\/elsey\/inc\/plugins\/woocommerce\/images\/shop-sample.jpg\" class=\"attachment-shop-catalog size-shop_catalog\" alt=\"\"\/><\/div>                <\/div>\r\n              <\/li>\r\n\r\n            \r\n                <li class=\"pd-2wh els-pr-masonry-item post-3432 product type-product status-publish product_cat-clothings product_cat-mens product_tag-red  instock shipping-taxable purchasable product-type-simple\">\r\n\r\n                  <div class=\"els-product-image\" >\r\n                    <a href=\"https:\/\/loja.soufasofa.com.br\/?product=men-jackets\" class=\"woocommerce-LoopProduct-link\"><\/a>\r\n                    <div class=\"els-product-info\">\r\n  \t                  <div class=\"els-product-title\">\r\n  \t                    <h3><a href=\"https:\/\/loja.soufasofa.com.br\/?product=men-jackets\">Men Jackets<\/a><\/h3>\r\n  \t                  <\/div>\r\n  \t                  <div class=\"els-product-price price\"><div class=\"els-pr-price\"><span class=\"woocs_price_code\" data-currency=\"\" data-redraw-id=\"69e382dd35fc2\"  data-product-id=\"3432\"><span class=\"woocommerce-Price-amount amount\"><bdi>300.00<span class=\"woocommerce-Price-currencySymbol\">&#36;<\/span><\/bdi><\/span><\/span><\/div><\/div>\r\n  \t                  <div class=\"els-product-atc\">\r\n  \t                    <a href=\"\/index.php?rest_route=%2Fwp%2Fv2%2Fpages%2F228&#038;add-to-cart=3432\" aria-describedby=\"woocommerce_loop_add_to_cart_link_describedby_3432\" data-quantity=\"1\" class=\"button product_type_simple add_to_cart_button ajax_add_to_cart\" data-product_id=\"3432\" data-product_sku=\"603134\" aria-label=\"Adicione ao carrinho: &ldquo;Men Jackets&rdquo;\" rel=\"nofollow\" data-success_message=\"\u201cMen Jackets\u201d foi adicionado ao seu carrinho\" role=\"button\">Adicionar ao carrinho<\/a>\t<span id=\"woocommerce_loop_add_to_cart_link_describedby_3432\" class=\"screen-reader-text\">\n\t\t\t<\/span>\n  \t                  <\/div>\r\n                  \t<\/div>\r\n\r\n                    <div class=\"els-product-featured-image \"><img decoding=\"async\" src=\"https:\/\/loja.soufasofa.com.br\/wp-content\/themes\/elsey\/inc\/plugins\/woocommerce\/images\/shop-sample.jpg\" class=\"attachment-shop-catalog size-shop_catalog\" alt=\"\"\/><\/div>                <\/div>\r\n              <\/li>\r\n\r\n            \r\n                <li class=\"pd-wh els-pr-masonry-item post-3431 product type-product status-publish product_cat-clothings product_cat-mens product_tag-cotton  outofstock shipping-taxable purchasable product-type-simple\">\r\n\r\n                  <div class=\"els-product-image\" >\r\n                    <a href=\"https:\/\/loja.soufasofa.com.br\/?product=men-stripe-shirt\" class=\"woocommerce-LoopProduct-link\"><\/a>\r\n                    <div class=\"els-product-info\">\r\n  \t                  <div class=\"els-product-title\">\r\n  \t                    <h3><a href=\"https:\/\/loja.soufasofa.com.br\/?product=men-stripe-shirt\">Men Stripe T-Shirt<\/a><\/h3>\r\n  \t                  <\/div>\r\n  \t                  <div class=\"els-product-price price\"><div class=\"els-pr-price\"><span class=\"woocs_price_code\" data-currency=\"\" data-redraw-id=\"69e382dd36378\"  data-product-id=\"3431\"><span class=\"woocommerce-Price-amount amount\"><bdi>150.00<span class=\"woocommerce-Price-currencySymbol\">&#36;<\/span><\/bdi><\/span><\/span><\/div><\/div>\r\n  \t                  <div class=\"els-product-atc\">\r\n  \t                    <a href=\"https:\/\/loja.soufasofa.com.br\/?product=men-stripe-shirt\" aria-describedby=\"woocommerce_loop_add_to_cart_link_describedby_3431\" data-quantity=\"1\" class=\"button product_type_simple\" data-product_id=\"3431\" data-product_sku=\"603110\" aria-label=\"Leia mais sobre &ldquo;Men Stripe T-Shirt&rdquo;\" rel=\"nofollow\" data-success_message=\"\">Leia mais<\/a>\t<span id=\"woocommerce_loop_add_to_cart_link_describedby_3431\" class=\"screen-reader-text\">\n\t\t\t<\/span>\n  \t                  <\/div>\r\n                  \t<\/div>\r\n\r\n                    <span class=\"els-product-sold\">Sold<\/span><div class=\"els-product-featured-image \"><img decoding=\"async\" src=\"https:\/\/loja.soufasofa.com.br\/wp-content\/themes\/elsey\/inc\/plugins\/woocommerce\/images\/shop-sample.jpg\" class=\"attachment-shop-catalog size-shop_catalog\" alt=\"\"\/><\/div>                <\/div>\r\n              <\/li>\r\n\r\n            \r\n                <li class=\"pd-wh els-pr-masonry-item post-3250 product type-product status-publish product_cat-clothings product_cat-womens product_tag-cotton product_tag-white last instock featured shipping-taxable purchasable product-type-simple\">\r\n\r\n                  <div class=\"els-product-image\" >\r\n                    <a href=\"https:\/\/loja.soufasofa.com.br\/?product=grey-bag\" class=\"woocommerce-LoopProduct-link\"><\/a>\r\n                    <div class=\"els-product-info\">\r\n  \t                  <div class=\"els-product-title\">\r\n  \t                    <h3><a href=\"https:\/\/loja.soufasofa.com.br\/?product=grey-bag\">Grey Bag<\/a><\/h3>\r\n  \t                  <\/div>\r\n  \t                  <div class=\"els-product-price price\"><div class=\"els-pr-price\"><span class=\"woocs_price_code\" data-currency=\"\" data-redraw-id=\"69e382dd3673a\"  data-product-id=\"3250\"><span class=\"woocommerce-Price-amount amount\"><bdi>300.00<span class=\"woocommerce-Price-currencySymbol\">&#36;<\/span><\/bdi><\/span><\/span><\/div><\/div>\r\n  \t                  <div class=\"els-product-atc\">\r\n  \t                    <a href=\"\/index.php?rest_route=%2Fwp%2Fv2%2Fpages%2F228&#038;add-to-cart=3250\" aria-describedby=\"woocommerce_loop_add_to_cart_link_describedby_3250\" data-quantity=\"1\" class=\"button product_type_simple add_to_cart_button ajax_add_to_cart\" data-product_id=\"3250\" data-product_sku=\"603109\" aria-label=\"Adicione ao carrinho: &ldquo;Grey Bag&rdquo;\" rel=\"nofollow\" data-success_message=\"\u201cGrey Bag\u201d foi adicionado ao seu carrinho\" role=\"button\">Adicionar ao carrinho<\/a>\t<span id=\"woocommerce_loop_add_to_cart_link_describedby_3250\" class=\"screen-reader-text\">\n\t\t\t<\/span>\n  \t                  <\/div>\r\n                  \t<\/div>\r\n\r\n                    <div class=\"els-product-featured-image \"><img decoding=\"async\" src=\"https:\/\/loja.soufasofa.com.br\/wp-content\/themes\/elsey\/inc\/plugins\/woocommerce\/images\/shop-sample.jpg\" class=\"attachment-shop-catalog size-shop_catalog\" alt=\"\"\/><\/div>                <\/div>\r\n              <\/li>\r\n\r\n            \r\n                <li class=\"pd-wh els-pr-masonry-item post-3037 product type-product status-publish product_cat-clothings product_cat-womens product_tag-white first outofstock sale shipping-taxable purchasable product-type-simple\">\r\n\r\n                  <div class=\"els-product-image\" >\r\n                    <a href=\"https:\/\/loja.soufasofa.com.br\/?product=fancy-t-shirt-2\" class=\"woocommerce-LoopProduct-link\"><\/a>\r\n                    <div class=\"els-product-info\">\r\n  \t                  <div class=\"els-product-title\">\r\n  \t                    <h3><a href=\"https:\/\/loja.soufasofa.com.br\/?product=fancy-t-shirt-2\">Fancy T-Shirt<\/a><\/h3>\r\n  \t                  <\/div>\r\n  \t                  <div class=\"els-product-price price\"><div class=\"els-pr-price\"><span class=\"woocs_price_code\" data-currency=\"\" data-redraw-id=\"69e382dd36b75\"  data-product-id=\"3037\"><del aria-hidden=\"true\"><span class=\"woocommerce-Price-amount amount\"><bdi>300.00<span class=\"woocommerce-Price-currencySymbol\">&#36;<\/span><\/bdi><\/span><\/del> <span class=\"screen-reader-text\">O pre\u00e7o original era: 300.00&#036;.<\/span><ins aria-hidden=\"true\"><span class=\"woocommerce-Price-amount amount\"><bdi>270.00<span class=\"woocommerce-Price-currencySymbol\">&#36;<\/span><\/bdi><\/span><\/ins><span class=\"screen-reader-text\">O pre\u00e7o atual \u00e9: 270.00&#036;.<\/span><\/span><\/div><\/div>\r\n  \t                  <div class=\"els-product-atc\">\r\n  \t                    <a href=\"https:\/\/loja.soufasofa.com.br\/?product=fancy-t-shirt-2\" aria-describedby=\"woocommerce_loop_add_to_cart_link_describedby_3037\" data-quantity=\"1\" class=\"button product_type_simple\" data-product_id=\"3037\" data-product_sku=\"603118\" aria-label=\"Leia mais sobre &ldquo;Fancy T-Shirt&rdquo;\" rel=\"nofollow\" data-success_message=\"\">Leia mais<\/a>\t<span id=\"woocommerce_loop_add_to_cart_link_describedby_3037\" class=\"screen-reader-text\">\n\t\t\t<\/span>\n  \t                  <\/div>\r\n                  \t<\/div>\r\n\r\n                    <span class=\"els-product-sold\">Sold<\/span><div class=\"els-product-featured-image \"><img decoding=\"async\" src=\"https:\/\/loja.soufasofa.com.br\/wp-content\/themes\/elsey\/inc\/plugins\/woocommerce\/images\/shop-sample.jpg\" class=\"attachment-shop-catalog size-shop_catalog\" alt=\"\"\/><\/div>                <\/div>\r\n              <\/li>\r\n\r\n            \r\n                <li class=\"pd-2wh els-pr-masonry-item post-2928 product type-product status-publish product_cat-mens product_tag-white  instock featured shipping-taxable purchasable product-type-simple\">\r\n\r\n                  <div class=\"els-product-image\" >\r\n                    <a href=\"https:\/\/loja.soufasofa.com.br\/?product=womens-fancy-sleeve\" class=\"woocommerce-LoopProduct-link\"><\/a>\r\n                    <div class=\"els-product-info\">\r\n  \t                  <div class=\"els-product-title\">\r\n  \t                    <h3><a href=\"https:\/\/loja.soufasofa.com.br\/?product=womens-fancy-sleeve\">Women&#8217;s Fancy Sleeve<\/a><\/h3>\r\n  \t                  <\/div>\r\n  \t                  <div class=\"els-product-price price\"><div class=\"els-pr-price\"><span class=\"woocs_price_code\" data-currency=\"\" data-redraw-id=\"69e382dd36f2e\"  data-product-id=\"2928\"><span class=\"woocommerce-Price-amount amount\"><bdi>60.00<span class=\"woocommerce-Price-currencySymbol\">&#36;<\/span><\/bdi><\/span><\/span><\/div><\/div>\r\n  \t                  <div class=\"els-product-atc\">\r\n  \t                    <a href=\"\/index.php?rest_route=%2Fwp%2Fv2%2Fpages%2F228&#038;add-to-cart=2928\" aria-describedby=\"woocommerce_loop_add_to_cart_link_describedby_2928\" data-quantity=\"1\" class=\"button product_type_simple add_to_cart_button ajax_add_to_cart\" data-product_id=\"2928\" data-product_sku=\"603117\" aria-label=\"Adicione ao carrinho: &ldquo;Women&#039;s Fancy Sleeve&rdquo;\" rel=\"nofollow\" data-success_message=\"\u201cWomen&#039;s Fancy Sleeve\u201d foi adicionado ao seu carrinho\" role=\"button\">Adicionar ao carrinho<\/a>\t<span id=\"woocommerce_loop_add_to_cart_link_describedby_2928\" class=\"screen-reader-text\">\n\t\t\t<\/span>\n  \t                  <\/div>\r\n                  \t<\/div>\r\n\r\n                    <div class=\"els-product-featured-image \"><img decoding=\"async\" src=\"https:\/\/loja.soufasofa.com.br\/wp-content\/themes\/elsey\/inc\/plugins\/woocommerce\/images\/shop-sample.jpg\" class=\"attachment-shop-catalog size-shop_catalog\" alt=\"\"\/><\/div>                <\/div>\r\n              <\/li>\r\n\r\n            \r\n                <li class=\"pd-wh els-pr-masonry-item post-2597 product type-product status-publish product_cat-clothings product_cat-mens product_tag-white  outofstock shipping-taxable purchasable product-type-simple\">\r\n\r\n                  <div class=\"els-product-image\" >\r\n                    <a href=\"https:\/\/loja.soufasofa.com.br\/?product=trendy-hoodies\" class=\"woocommerce-LoopProduct-link\"><\/a>\r\n                    <div class=\"els-product-info\">\r\n  \t                  <div class=\"els-product-title\">\r\n  \t                    <h3><a href=\"https:\/\/loja.soufasofa.com.br\/?product=trendy-hoodies\">Trendy Hoodies<\/a><\/h3>\r\n  \t                  <\/div>\r\n  \t                  <div class=\"els-product-price price\"><div class=\"els-pr-price\"><span class=\"woocs_price_code\" data-currency=\"\" data-redraw-id=\"69e382dd372d8\"  data-product-id=\"2597\"><span class=\"woocommerce-Price-amount amount\"><bdi>100.00<span class=\"woocommerce-Price-currencySymbol\">&#36;<\/span><\/bdi><\/span><\/span><\/div><\/div>\r\n  \t                  <div class=\"els-product-atc\">\r\n  \t                    <a href=\"https:\/\/loja.soufasofa.com.br\/?product=trendy-hoodies\" aria-describedby=\"woocommerce_loop_add_to_cart_link_describedby_2597\" data-quantity=\"1\" class=\"button product_type_simple\" data-product_id=\"2597\" data-product_sku=\"603105\" aria-label=\"Leia mais sobre &ldquo;Trendy Hoodies&rdquo;\" rel=\"nofollow\" data-success_message=\"\">Leia mais<\/a>\t<span id=\"woocommerce_loop_add_to_cart_link_describedby_2597\" class=\"screen-reader-text\">\n\t\t\t<\/span>\n  \t                  <\/div>\r\n                  \t<\/div>\r\n\r\n                    <span class=\"els-product-sold\">Sold<\/span><div class=\"els-product-featured-image \"><img decoding=\"async\" src=\"https:\/\/loja.soufasofa.com.br\/wp-content\/themes\/elsey\/inc\/plugins\/woocommerce\/images\/shop-sample.jpg\" class=\"attachment-shop-catalog size-shop_catalog\" alt=\"\"\/><\/div>                <\/div>\r\n              <\/li>\r\n\r\n            \r\n                <li class=\"pd-wh els-pr-masonry-item post-2360 product type-product status-publish product_cat-clothings product_cat-mens product_tag-cotton product_tag-white last instock purchasable product-type-simple\">\r\n\r\n                  <div class=\"els-product-image\" >\r\n                    <a href=\"https:\/\/loja.soufasofa.com.br\/?product=casual-t-shirt\" class=\"woocommerce-LoopProduct-link\"><\/a>\r\n                    <div class=\"els-product-info\">\r\n  \t                  <div class=\"els-product-title\">\r\n  \t                    <h3><a href=\"https:\/\/loja.soufasofa.com.br\/?product=casual-t-shirt\">Casual T-Shirt<\/a><\/h3>\r\n  \t                  <\/div>\r\n  \t                  <div class=\"els-product-price price\"><div class=\"els-pr-price\"><span class=\"woocs_price_code\" data-currency=\"\" data-redraw-id=\"69e382dd37780\"  data-product-id=\"2360\"><span class=\"woocommerce-Price-amount amount\"><bdi>79.10<span class=\"woocommerce-Price-currencySymbol\">&#36;<\/span><\/bdi><\/span><\/span><\/div><\/div>\r\n  \t                  <div class=\"els-product-atc\">\r\n  \t                    <a href=\"\/index.php?rest_route=%2Fwp%2Fv2%2Fpages%2F228&#038;add-to-cart=2360\" aria-describedby=\"woocommerce_loop_add_to_cart_link_describedby_2360\" data-quantity=\"1\" class=\"button product_type_simple add_to_cart_button ajax_add_to_cart\" data-product_id=\"2360\" data-product_sku=\"603101\" aria-label=\"Adicione ao carrinho: &ldquo;Casual T-Shirt&rdquo;\" rel=\"nofollow\" data-success_message=\"\u201cCasual T-Shirt\u201d foi adicionado ao seu carrinho\" role=\"button\">Adicionar ao carrinho<\/a>\t<span id=\"woocommerce_loop_add_to_cart_link_describedby_2360\" class=\"screen-reader-text\">\n\t\t\t<\/span>\n  \t                  <\/div>\r\n                  \t<\/div>\r\n\r\n                    <div class=\"els-product-featured-image \"><img decoding=\"async\" src=\"https:\/\/loja.soufasofa.com.br\/wp-content\/themes\/elsey\/inc\/plugins\/woocommerce\/images\/shop-sample.jpg\" class=\"attachment-shop-catalog size-shop_catalog\" alt=\"\"\/><\/div>                <\/div>\r\n              <\/li>\r\n\r\n            \r\n                <li class=\"pd-wh els-pr-masonry-item post-2358 product type-product status-publish product_cat-mens product_cat-sweaters product_cat-watch product_tag-leather first instock shipping-taxable purchasable product-type-variable\">\r\n\r\n                  <div class=\"els-product-image\" >\r\n                    <a href=\"https:\/\/loja.soufasofa.com.br\/?product=round-neck-t-shirt\" class=\"woocommerce-LoopProduct-link\"><\/a>\r\n                    <div class=\"els-product-info\">\r\n  \t                  <div class=\"els-product-title\">\r\n  \t                    <h3><a href=\"https:\/\/loja.soufasofa.com.br\/?product=round-neck-t-shirt\">Round Neck  T-Shirt<\/a><\/h3>\r\n  \t                  <\/div>\r\n  \t                  <div class=\"els-product-price price\"><div class=\"els-pr-price\"><span class=\"woocs_price_code\" data-currency=\"\" data-redraw-id=\"69e382dd43e34\"  data-product-id=\"2358\"><span class=\"woocommerce-Price-amount amount\"><bdi>145.00<span class=\"woocommerce-Price-currencySymbol\">&#36;<\/span><\/bdi><\/span><\/span><\/div><\/div>\r\n  \t                  <div class=\"els-product-atc\">\r\n  \t                    <a href=\"https:\/\/loja.soufasofa.com.br\/?product=round-neck-t-shirt\" aria-describedby=\"woocommerce_loop_add_to_cart_link_describedby_2358\" data-quantity=\"1\" class=\"button product_type_variable add_to_cart_button\" data-product_id=\"2358\" data-product_sku=\"603102\" aria-label=\"Selecione as op\u00e7\u00f5es para &ldquo;Round Neck  T-Shirt&rdquo;\" rel=\"nofollow\">Ver op\u00e7\u00f5es<\/a>\t<span id=\"woocommerce_loop_add_to_cart_link_describedby_2358\" class=\"screen-reader-text\">\n\t\tEste produto tem v\u00e1rias variantes. As op\u00e7\u00f5es podem ser escolhidas na p\u00e1gina do produto\t<\/span>\n  \t                  <\/div>\r\n                  \t<\/div>\r\n\r\n                    <div class=\"els-product-featured-image \"><img decoding=\"async\" src=\"https:\/\/loja.soufasofa.com.br\/wp-content\/themes\/elsey\/inc\/plugins\/woocommerce\/images\/shop-sample.jpg\" class=\"attachment-shop-catalog size-shop_catalog\" alt=\"\"\/><\/div>                <\/div>\r\n              <\/li>\r\n\r\n            \r\n                <li class=\"pd-wh els-pr-masonry-item post-2352 product type-product status-publish product_cat-bags product_cat-mens product_tag-leather  instock sale shipping-taxable product-type-grouped\">\r\n\r\n                  <div class=\"els-product-image\" >\r\n                    <a href=\"https:\/\/loja.soufasofa.com.br\/?product=grouped-product\" class=\"woocommerce-LoopProduct-link\"><\/a>\r\n                    <div class=\"els-product-info\">\r\n  \t                  <div class=\"els-product-title\">\r\n  \t                    <h3><a href=\"https:\/\/loja.soufasofa.com.br\/?product=grouped-product\">Grouped Product<\/a><\/h3>\r\n  \t                  <\/div>\r\n  \t                  <div class=\"els-product-price price\"><div class=\"els-pr-price\"><span class=\"woocs_price_code\" data-currency=\"\" data-redraw-id=\"69e382dd45995\"  data-product-id=\"2352\"><i class=\"fa fa-tags\" aria-hidden=\"true\"><\/i> <span class=\"woocommerce-Price-amount amount\"><bdi>165.00<span class=\"woocommerce-Price-currencySymbol\">&#36;<\/span><\/bdi><\/span><\/span><\/div><\/div>\r\n  \t                  <div class=\"els-product-atc\">\r\n  \t                    <a href=\"https:\/\/loja.soufasofa.com.br\/?product=grouped-product\" aria-describedby=\"woocommerce_loop_add_to_cart_link_describedby_2352\" data-quantity=\"1\" class=\"button product_type_grouped\" data-product_id=\"2352\" data-product_sku=\"603103\" aria-label=\"Ver produtos no grupo &ldquo;Grouped Product&rdquo;\" rel=\"nofollow\">Ver produtos<\/a>\t<span id=\"woocommerce_loop_add_to_cart_link_describedby_2352\" class=\"screen-reader-text\">\n\t\t\t<\/span>\n  \t                  <\/div>\r\n                  \t<\/div>\r\n\r\n                    <span class=\"els-product-onsale\">Sale!<\/span><div class=\"els-product-featured-image \"><img decoding=\"async\" src=\"https:\/\/loja.soufasofa.com.br\/wp-content\/themes\/elsey\/inc\/plugins\/woocommerce\/images\/shop-sample.jpg\" class=\"attachment-shop-catalog size-shop_catalog\" alt=\"\"\/><\/div>                <\/div>\r\n              <\/li>\r\n\r\n                    \t<\/ul>\r\n      \t<\/div>\r\n\r\n              <\/div>\r\n  \t<\/div>\r\n\r\n    [\/vc_column][\/vc_row]<\/p>\n<\/div>","protected":false},"excerpt":{"rendered":"[vc_row overlay_dotted=&#8221;&#8221;][vc_column][\/vc_column][\/vc_row]","protected":false},"author":1,"featured_media":0,"parent":216,"menu_order":0,"comment_status":"closed","ping_status":"closed","template":"","meta":{"footnotes":""},"class_list":["post-228","page","type-page","status-publish","hentry"],"_links":{"self":[{"href":"https:\/\/loja.soufasofa.com.br\/index.php?rest_route=\/wp\/v2\/pages\/228","targetHints":{"allow":["GET"]}}],"collection":[{"href":"https:\/\/loja.soufasofa.com.br\/index.php?rest_route=\/wp\/v2\/pages"}],"about":[{"href":"https:\/\/loja.soufasofa.com.br\/index.php?rest_route=\/wp\/v2\/types\/page"}],"author":[{"embeddable":true,"href":"https:\/\/loja.soufasofa.com.br\/index.php?rest_route=\/wp\/v2\/users\/1"}],"replies":[{"embeddable":true,"href":"https:\/\/loja.soufasofa.com.br\/index.php?rest_route=%2Fwp%2Fv2%2Fcomments&post=228"}],"version-history":[{"count":0,"href":"https:\/\/loja.soufasofa.com.br\/index.php?rest_route=\/wp\/v2\/pages\/228\/revisions"}],"up":[{"embeddable":true,"href":"https:\/\/loja.soufasofa.com.br\/index.php?rest_route=\/wp\/v2\/pages\/216"}],"wp:attachment":[{"href":"https:\/\/loja.soufasofa.com.br\/index.php?rest_route=%2Fwp%2Fv2%2Fmedia&parent=228"}],"curies":[{"name":"wp","href":"https:\/\/api.w.org\/{rel}","templated":true}]}}